{"id":407,"date":"2025-03-12T14:38:36","date_gmt":"2025-03-12T14:38:36","guid":{"rendered":"https:\/\/sainagua-filters.com\/?page_id=407"},"modified":"2025-03-17T12:28:20","modified_gmt":"2025-03-17T12:28:20","slug":"qui-somme-nous","status":"publish","type":"page","link":"https:\/\/sainagua-filters.com\/en\/qui-somme-nous","title":{"rendered":"Who are we"},"content":{"rendered":"<div data-elementor-type=\"wp-page\" data-elementor-id=\"407\" class=\"elementor elementor-407\" data-elementor-post-type=\"page\">\n\t\t\t\t<div class=\"elementor-element elementor-element-15e6c6a e-flex e-con-boxed e-con e-parent\" data-id=\"15e6c6a\" data-element_type=\"container\" data-settings=\"{&quot;background_motion_fx_translateY_effect&quot;:&quot;yes&quot;,&quot;background_motion_fx_translateY_speed&quot;:{&quot;unit&quot;:&quot;px&quot;,&quot;size&quot;:10,&quot;sizes&quot;:[]},&quot;background_motion_fx_devices&quot;:[&quot;desktop&quot;,&quot;tablet&quot;],&quot;background_motion_fx_translateY_affectedRange&quot;:{&quot;unit&quot;:&quot;%&quot;,&quot;size&quot;:&quot;&quot;,&quot;sizes&quot;:{&quot;start&quot;:0,&quot;end&quot;:100}}}\">\n\t\t\t\t\t<div class=\"e-con-inner\">\n\t\t<div class=\"elementor-element elementor-element-6a1b9e6 e-con-full e-flex e-con e-child\" data-id=\"6a1b9e6\" data-element_type=\"container\" data-settings=\"{&quot;background_background&quot;:&quot;classic&quot;}\">\n\t\t\t\t<div class=\"elementor-element elementor-element-b438db9 elementor-widget elementor-widget-heading\" data-id=\"b438db9\" data-element_type=\"widget\" data-widget_type=\"heading.default\">\n\t\t\t\t<div class=\"elementor-widget-container\">\n\t\t\t\t\t<h3 class=\"elementor-heading-title elementor-size-default\">Sainagua \u2013 Pure water, naturally<\/h3>\t\t\t\t<\/div>\n\t\t\t\t<\/div>\n\t\t\t\t<div class=\"elementor-element elementor-element-e3b12bd elementor-widget elementor-widget-text-editor\" data-id=\"e3b12bd\" data-element_type=\"widget\" data-widget_type=\"text-editor.default\">\n\t\t\t\t<div class=\"elementor-widget-container\">\n\t\t\t\t\t\t\t\t\t<p>Our mission: to offer water filtration solutions of exceptional quality, guaranteeing pure, healthy and environmentally friendly water.<\/p>\t\t\t\t\t\t\t\t<\/div>\n\t\t\t\t<\/div>\n\t\t\t\t<\/div>\n\t\t\t\t\t<\/div>\n\t\t\t\t<\/div>\n\t\t<div class=\"elementor-element elementor-element-63a3645 e-flex e-con-boxed e-con e-parent\" data-id=\"63a3645\" data-element_type=\"container\">\n\t\t\t\t\t<div class=\"e-con-inner\">\n\t\t<div class=\"elementor-element elementor-element-d363302 e-con-full e-flex elementor-invisible e-con e-child\" data-id=\"d363302\" data-element_type=\"container\" data-settings=\"{&quot;animation&quot;:&quot;rotateInUpLeft&quot;}\">\n\t\t\t\t<div class=\"elementor-element elementor-element-e094f8a elementor-widget elementor-widget-heading\" data-id=\"e094f8a\" data-element_type=\"widget\" data-widget_type=\"heading.default\">\n\t\t\t\t<div class=\"elementor-widget-container\">\n\t\t\t\t\t<h3 class=\"elementor-heading-title elementor-size-default\">Our story <\/h3>\t\t\t\t<\/div>\n\t\t\t\t<\/div>\n\t\t\t\t<div class=\"elementor-element elementor-element-568cb6c elementor-widget__width-initial elementor-widget-mobile__width-inherit elementor-widget elementor-widget-text-editor\" data-id=\"568cb6c\" data-element_type=\"widget\" data-widget_type=\"text-editor.default\">\n\t\t\t\t<div class=\"elementor-widget-container\">\n\t\t\t\t\t\t\t\t\t<p>It all started with a simple idea: to provide everyone with access to pure, high-quality water, while reducing the environmental impact of plastic bottles.<\/p><p>Faced with the growing problems of water pollution, we decided to create innovative and sustainable solutions, accessible to all.<\/p>\t\t\t\t\t\t\t\t<\/div>\n\t\t\t\t<\/div>\n\t\t\t\t<\/div>\n\t\t<div class=\"elementor-element elementor-element-9e4b4c5 e-con-full e-flex elementor-invisible e-con e-child\" data-id=\"9e4b4c5\" data-element_type=\"container\" data-settings=\"{&quot;animation&quot;:&quot;fadeInRight&quot;}\">\n\t\t\t\t<div class=\"elementor-element elementor-element-f1ba7e7 elementor-icon-list--layout-traditional elementor-list-item-link-full_width elementor-widget elementor-widget-icon-list\" data-id=\"f1ba7e7\" data-element_type=\"widget\" data-widget_type=\"icon-list.default\">\n\t\t\t\t<div class=\"elementor-widget-container\">\n\t\t\t\t\t\t\t<ul class=\"elementor-icon-list-items\">\n\t\t\t\t\t\t\t<li class=\"elementor-icon-list-item\">\n\t\t\t\t\t\t\t\t\t\t\t<span class=\"elementor-icon-list-icon\">\n\t\t\t\t\t\t\t<svg aria-hidden=\"true\" class=\"e-font-icon-svg e-fas-chevron-right\" viewbox=\"0 0 320 512\" xmlns=\"http:\/\/www.w3.org\/2000\/svg\"><path d=\"M285.476 272.971L91.132 467.314c-9.373 9.373-24.569 9.373-33.941 0l-22.667-22.667c-9.357-9.357-9.375-24.522-.04-33.901L188.505 256 34.484 101.255c-9.335-9.379-9.317-24.544.04-33.901l22.667-22.667c9.373-9.373 24.569-9.373 33.941 0L285.475 239.03c9.373 9.372 9.373 24.568.001 33.941z\"><\/path><\/svg>\t\t\t\t\t\t<\/span>\n\t\t\t\t\t\t\t\t\t\t<span class=\"elementor-icon-list-text\">An alternative to plastic bottles <\/span>\n\t\t\t\t\t\t\t\t\t<\/li>\n\t\t\t\t\t\t\t\t<li class=\"elementor-icon-list-item\">\n\t\t\t\t\t\t\t\t\t\t\t<span class=\"elementor-icon-list-icon\">\n\t\t\t\t\t\t\t<svg aria-hidden=\"true\" class=\"e-font-icon-svg e-fas-chevron-right\" viewbox=\"0 0 320 512\" xmlns=\"http:\/\/www.w3.org\/2000\/svg\"><path d=\"M285.476 272.971L91.132 467.314c-9.373 9.373-24.569 9.373-33.941 0l-22.667-22.667c-9.357-9.357-9.375-24.522-.04-33.901L188.505 256 34.484 101.255c-9.335-9.379-9.317-24.544.04-33.901l22.667-22.667c9.373-9.373 24.569-9.373 33.941 0L285.475 239.03c9.373 9.372 9.373 24.568.001 33.941z\"><\/path><\/svg>\t\t\t\t\t\t<\/span>\n\t\t\t\t\t\t\t\t\t\t<span class=\"elementor-icon-list-text\">Advanced filtration for healthy, natural water <\/span>\n\t\t\t\t\t\t\t\t\t<\/li>\n\t\t\t\t\t\t\t\t<li class=\"elementor-icon-list-item\">\n\t\t\t\t\t\t\t\t\t\t\t<span class=\"elementor-icon-list-icon\">\n\t\t\t\t\t\t\t<svg aria-hidden=\"true\" class=\"e-font-icon-svg e-fas-chevron-right\" viewbox=\"0 0 320 512\" xmlns=\"http:\/\/www.w3.org\/2000\/svg\"><path d=\"M285.476 272.971L91.132 467.314c-9.373 9.373-24.569 9.373-33.941 0l-22.667-22.667c-9.357-9.357-9.375-24.522-.04-33.901L188.505 256 34.484 101.255c-9.335-9.379-9.317-24.544.04-33.901l22.667-22.667c9.373-9.373 24.569-9.373 33.941 0L285.475 239.03c9.373 9.372 9.373 24.568.001 33.941z\"><\/path><\/svg>\t\t\t\t\t\t<\/span>\n\t\t\t\t\t\t\t\t\t\t<span class=\"elementor-icon-list-text\">An ecological and sustainable commitment <\/span>\n\t\t\t\t\t\t\t\t\t<\/li>\n\t\t\t\t\t\t<\/ul>\n\t\t\t\t\t\t<\/div>\n\t\t\t\t<\/div>\n\t\t\t\t<\/div>\n\t\t\t\t\t<\/div>\n\t\t\t\t<\/div>\n\t\t<div class=\"elementor-element elementor-element-53fa9f5 e-flex e-con-boxed e-con e-parent\" data-id=\"53fa9f5\" data-element_type=\"container\">\n\t\t\t\t\t<div class=\"e-con-inner\">\n\t\t\t\t<div class=\"elementor-element elementor-element-4fc822a elementor-widget elementor-widget-heading\" data-id=\"4fc822a\" data-element_type=\"widget\" data-widget_type=\"heading.default\">\n\t\t\t\t<div class=\"elementor-widget-container\">\n\t\t\t\t\t<h3 class=\"elementor-heading-title elementor-size-default\">Our values and commitments<\/h3>\t\t\t\t<\/div>\n\t\t\t\t<\/div>\n\t\t\t\t\t<\/div>\n\t\t\t\t<\/div>\n\t\t<div class=\"elementor-element elementor-element-0b09b9c e-flex e-con-boxed e-con e-parent\" data-id=\"0b09b9c\" data-element_type=\"container\">\n\t\t\t\t\t<div class=\"e-con-inner\">\n\t\t<div class=\"elementor-element elementor-element-15bcb41 e-con-full e-flex elementor-invisible e-con e-child\" data-id=\"15bcb41\" data-element_type=\"container\" data-settings=\"{&quot;animation&quot;:&quot;rotateInUpLeft&quot;}\">\n\t\t<div class=\"elementor-element elementor-element-6e8c3a7 e-grid e-con-full e-con e-child\" data-id=\"6e8c3a7\" data-element_type=\"container\">\n\t\t\t\t<div class=\"elementor-element elementor-element-72893c8 elementor-position-top elementor-position-top elementor-widget elementor-widget-image-box\" data-id=\"72893c8\" data-element_type=\"widget\" data-widget_type=\"image-box.default\">\n\t\t\t\t<div class=\"elementor-widget-container\">\n\t\t\t\t\t<div class=\"elementor-image-box-wrapper\"><figure class=\"elementor-image-box-img\"><img fetchpriority=\"high\" decoding=\"async\" width=\"500\" height=\"466\" src=\"https:\/\/sainagua-filters.com\/wp-content\/uploads\/2025\/03\/Purete.png\" class=\"attachment-full size-full wp-image-501\" alt=\"\" srcset=\"https:\/\/sainagua-filters.com\/wp-content\/uploads\/2025\/03\/Purete.png 500w, https:\/\/sainagua-filters.com\/wp-content\/uploads\/2025\/03\/Purete-300x280.png 300w, https:\/\/sainagua-filters.com\/wp-content\/uploads\/2025\/03\/Purete-13x12.png 13w\" sizes=\"(max-width: 500px) 100vw, 500px\" \/><\/figure><div class=\"elementor-image-box-content\"><h3 class=\"elementor-image-box-title\">Purity<\/h3><\/div><\/div>\t\t\t\t<\/div>\n\t\t\t\t<\/div>\n\t\t\t\t<div class=\"elementor-element elementor-element-6f37c9f elementor-position-top elementor-widget elementor-widget-image-box\" data-id=\"6f37c9f\" data-element_type=\"widget\" data-widget_type=\"image-box.default\">\n\t\t\t\t<div class=\"elementor-widget-container\">\n\t\t\t\t\t<div class=\"elementor-image-box-wrapper\"><figure class=\"elementor-image-box-img\"><img decoding=\"async\" width=\"500\" height=\"500\" src=\"https:\/\/sainagua-filters.com\/wp-content\/uploads\/2025\/03\/Qualite.png\" class=\"attachment-full size-full wp-image-500\" alt=\"\" srcset=\"https:\/\/sainagua-filters.com\/wp-content\/uploads\/2025\/03\/Qualite.png 500w, https:\/\/sainagua-filters.com\/wp-content\/uploads\/2025\/03\/Qualite-300x300.png 300w, https:\/\/sainagua-filters.com\/wp-content\/uploads\/2025\/03\/Qualite-150x150.png 150w, https:\/\/sainagua-filters.com\/wp-content\/uploads\/2025\/03\/Qualite-12x12.png 12w, https:\/\/sainagua-filters.com\/wp-content\/uploads\/2025\/03\/Qualite-100x100.png 100w\" sizes=\"(max-width: 500px) 100vw, 500px\" \/><\/figure><div class=\"elementor-image-box-content\"><h3 class=\"elementor-image-box-title\">Quality<\/h3><\/div><\/div>\t\t\t\t<\/div>\n\t\t\t\t<\/div>\n\t\t\t\t<div class=\"elementor-element elementor-element-8726bf0 elementor-position-top elementor-widget elementor-widget-image-box\" data-id=\"8726bf0\" data-element_type=\"widget\" data-widget_type=\"image-box.default\">\n\t\t\t\t<div class=\"elementor-widget-container\">\n\t\t\t\t\t<div class=\"elementor-image-box-wrapper\"><figure class=\"elementor-image-box-img\"><img decoding=\"async\" width=\"500\" height=\"609\" src=\"https:\/\/sainagua-filters.com\/wp-content\/uploads\/2025\/03\/Eco-1.png\" class=\"attachment-full size-full wp-image-499\" alt=\"\" srcset=\"https:\/\/sainagua-filters.com\/wp-content\/uploads\/2025\/03\/Eco-1.png 500w, https:\/\/sainagua-filters.com\/wp-content\/uploads\/2025\/03\/Eco-1-246x300.png 246w, https:\/\/sainagua-filters.com\/wp-content\/uploads\/2025\/03\/Eco-1-10x12.png 10w\" sizes=\"(max-width: 500px) 100vw, 500px\" \/><\/figure><div class=\"elementor-image-box-content\"><h3 class=\"elementor-image-box-title\">Ecology<\/h3><\/div><\/div>\t\t\t\t<\/div>\n\t\t\t\t<\/div>\n\t\t\t\t<\/div>\n\t\t\t\t<div class=\"elementor-element elementor-element-00d2aab elementor-widget__width-initial elementor-widget-mobile__width-inherit elementor-widget elementor-widget-text-editor\" data-id=\"00d2aab\" data-element_type=\"widget\" data-widget_type=\"text-editor.default\">\n\t\t\t\t<div class=\"elementor-widget-container\">\n\t\t\t\t\t\t\t\t\t<p>At Sainagua, we believe that access to pure water should not be a luxury.<\/p><p>This is why we have developed effective filtration solutions, without electricity, without unnecessary plastic and durable over time.<\/p><p>Our filters are designed to remove contaminants while preserving essential minerals.<\/p>\t\t\t\t\t\t\t\t<\/div>\n\t\t\t\t<\/div>\n\t\t\t\t<\/div>\n\t\t<div class=\"elementor-element elementor-element-f591ad7 e-con-full e-flex elementor-invisible e-con e-child\" data-id=\"f591ad7\" data-element_type=\"container\" data-settings=\"{&quot;animation&quot;:&quot;fadeInRight&quot;}\">\n\t\t<div class=\"elementor-element elementor-element-bcb9ed3 e-grid e-con-full e-con e-child\" data-id=\"bcb9ed3\" data-element_type=\"container\">\n\t\t\t\t<div class=\"elementor-element elementor-element-9aa8144 elementor-position-top elementor-widget elementor-widget-image-box\" data-id=\"9aa8144\" data-element_type=\"widget\" data-widget_type=\"image-box.default\">\n\t\t\t\t<div class=\"elementor-widget-container\">\n\t\t\t\t\t<div class=\"elementor-image-box-wrapper\"><figure class=\"elementor-image-box-img\"><img loading=\"lazy\" decoding=\"async\" width=\"500\" height=\"630\" src=\"https:\/\/sainagua-filters.com\/wp-content\/uploads\/2025\/03\/Qualite2.png\" class=\"attachment-full size-full wp-image-498\" alt=\"\" srcset=\"https:\/\/sainagua-filters.com\/wp-content\/uploads\/2025\/03\/Qualite2.png 500w, https:\/\/sainagua-filters.com\/wp-content\/uploads\/2025\/03\/Qualite2-238x300.png 238w, https:\/\/sainagua-filters.com\/wp-content\/uploads\/2025\/03\/Qualite2-10x12.png 10w\" sizes=\"(max-width: 500px) 100vw, 500px\" \/><\/figure><div class=\"elementor-image-box-content\"><h3 class=\"elementor-image-box-title\">Exceptional quality<\/h3><p class=\"elementor-image-box-description\">Advanced filtration tested and proven\n\n<\/p><\/div><\/div>\t\t\t\t<\/div>\n\t\t\t\t<\/div>\n\t\t\t\t<div class=\"elementor-element elementor-element-d6c1e1e elementor-position-top elementor-widget elementor-widget-image-box\" data-id=\"d6c1e1e\" data-element_type=\"widget\" data-widget_type=\"image-box.default\">\n\t\t\t\t<div class=\"elementor-widget-container\">\n\t\t\t\t\t<div class=\"elementor-image-box-wrapper\"><figure class=\"elementor-image-box-img\"><img loading=\"lazy\" decoding=\"async\" width=\"500\" height=\"467\" src=\"https:\/\/sainagua-filters.com\/wp-content\/uploads\/2025\/03\/Eco-respon.png\" class=\"attachment-full size-full wp-image-497\" alt=\"\" srcset=\"https:\/\/sainagua-filters.com\/wp-content\/uploads\/2025\/03\/Eco-respon.png 500w, https:\/\/sainagua-filters.com\/wp-content\/uploads\/2025\/03\/Eco-respon-300x280.png 300w, https:\/\/sainagua-filters.com\/wp-content\/uploads\/2025\/03\/Eco-respon-13x12.png 13w\" sizes=\"(max-width: 500px) 100vw, 500px\" \/><\/figure><div class=\"elementor-image-box-content\"><h3 class=\"elementor-image-box-title\">Eco-responsibility<\/h3><p class=\"elementor-image-box-description\">Reducing plastic waste and environmental impact\n\n<\/p><\/div><\/div>\t\t\t\t<\/div>\n\t\t\t\t<\/div>\n\t\t\t\t<div class=\"elementor-element elementor-element-78d15e6 elementor-position-top elementor-widget elementor-widget-image-box\" data-id=\"78d15e6\" data-element_type=\"widget\" data-widget_type=\"image-box.default\">\n\t\t\t\t<div class=\"elementor-widget-container\">\n\t\t\t\t\t<div class=\"elementor-image-box-wrapper\"><figure class=\"elementor-image-box-img\"><img loading=\"lazy\" decoding=\"async\" width=\"500\" height=\"715\" src=\"https:\/\/sainagua-filters.com\/wp-content\/uploads\/2025\/03\/Accessibilite.png\" class=\"attachment-full size-full wp-image-496\" alt=\"\" srcset=\"https:\/\/sainagua-filters.com\/wp-content\/uploads\/2025\/03\/Accessibilite.png 500w, https:\/\/sainagua-filters.com\/wp-content\/uploads\/2025\/03\/Accessibilite-210x300.png 210w, https:\/\/sainagua-filters.com\/wp-content\/uploads\/2025\/03\/Accessibilite-8x12.png 8w\" sizes=\"(max-width: 500px) 100vw, 500px\" \/><\/figure><div class=\"elementor-image-box-content\"><h3 class=\"elementor-image-box-title\">Accessibility<\/h3><p class=\"elementor-image-box-description\">Solutions adapted to everyone (homes, travel, emergencies)\n\n<\/p><\/div><\/div>\t\t\t\t<\/div>\n\t\t\t\t<\/div>\n\t\t\t\t<div class=\"elementor-element elementor-element-27d2c76 elementor-position-top elementor-widget elementor-widget-image-box\" data-id=\"27d2c76\" data-element_type=\"widget\" data-widget_type=\"image-box.default\">\n\t\t\t\t<div class=\"elementor-widget-container\">\n\t\t\t\t\t<div class=\"elementor-image-box-wrapper\"><figure class=\"elementor-image-box-img\"><img loading=\"lazy\" decoding=\"async\" width=\"500\" height=\"500\" src=\"https:\/\/sainagua-filters.com\/wp-content\/uploads\/2025\/03\/Durabilite.png\" class=\"attachment-full size-full wp-image-502\" alt=\"\" srcset=\"https:\/\/sainagua-filters.com\/wp-content\/uploads\/2025\/03\/Durabilite.png 500w, https:\/\/sainagua-filters.com\/wp-content\/uploads\/2025\/03\/Durabilite-300x300.png 300w, https:\/\/sainagua-filters.com\/wp-content\/uploads\/2025\/03\/Durabilite-150x150.png 150w, https:\/\/sainagua-filters.com\/wp-content\/uploads\/2025\/03\/Durabilite-12x12.png 12w, https:\/\/sainagua-filters.com\/wp-content\/uploads\/2025\/03\/Durabilite-100x100.png 100w\" sizes=\"(max-width: 500px) 100vw, 500px\" \/><\/figure><div class=\"elementor-image-box-content\"><h3 class=\"elementor-image-box-title\">Sustainability<\/h3><p class=\"elementor-image-box-description\">Products designed to last\n\n<\/p><\/div><\/div>\t\t\t\t<\/div>\n\t\t\t\t<\/div>\n\t\t\t\t<\/div>\n\t\t\t\t<\/div>\n\t\t\t\t\t<\/div>\n\t\t\t\t<\/div>\n\t\t<div class=\"elementor-element elementor-element-c10e6aa e-flex e-con-boxed e-con e-parent\" data-id=\"c10e6aa\" data-element_type=\"container\">\n\t\t\t\t\t<div class=\"e-con-inner\">\n\t\t<div class=\"elementor-element elementor-element-19eb6bf e-con-full e-flex elementor-invisible e-con e-child\" data-id=\"19eb6bf\" data-element_type=\"container\" data-settings=\"{&quot;animation&quot;:&quot;fadeInRight&quot;}\">\n\t\t\t\t<div class=\"elementor-element elementor-element-4a13e52 elementor-widget elementor-widget-image\" data-id=\"4a13e52\" data-element_type=\"widget\" data-widget_type=\"image.default\">\n\t\t\t\t<div class=\"elementor-widget-container\">\n\t\t\t\t\t\t\t\t\t\t\t\t\t\t\t<img loading=\"lazy\" decoding=\"async\" width=\"1920\" height=\"800\" src=\"https:\/\/sainagua-filters.com\/wp-content\/uploads\/2025\/03\/Banniere-daccueil-sans-texte.png\" class=\"attachment-full size-full wp-image-209\" alt=\"\" srcset=\"https:\/\/sainagua-filters.com\/wp-content\/uploads\/2025\/03\/Banniere-daccueil-sans-texte.png 1920w, https:\/\/sainagua-filters.com\/wp-content\/uploads\/2025\/03\/Banniere-daccueil-sans-texte-300x125.png 300w, https:\/\/sainagua-filters.com\/wp-content\/uploads\/2025\/03\/Banniere-daccueil-sans-texte-1024x427.png 1024w, https:\/\/sainagua-filters.com\/wp-content\/uploads\/2025\/03\/Banniere-daccueil-sans-texte-768x320.png 768w, https:\/\/sainagua-filters.com\/wp-content\/uploads\/2025\/03\/Banniere-daccueil-sans-texte-1536x640.png 1536w, https:\/\/sainagua-filters.com\/wp-content\/uploads\/2025\/03\/Banniere-daccueil-sans-texte-18x8.png 18w, https:\/\/sainagua-filters.com\/wp-content\/uploads\/2025\/03\/Banniere-daccueil-sans-texte-600x250.png 600w\" sizes=\"(max-width: 1920px) 100vw, 1920px\" \/>\t\t\t\t\t\t\t\t\t\t\t\t\t\t\t<\/div>\n\t\t\t\t<\/div>\n\t\t\t\t<\/div>\n\t\t<div class=\"elementor-element elementor-element-009fe69 e-con-full e-flex elementor-invisible e-con e-child\" data-id=\"009fe69\" data-element_type=\"container\" data-settings=\"{&quot;animation&quot;:&quot;rotateInUpLeft&quot;}\">\n\t\t\t\t<div class=\"elementor-element elementor-element-2e3749d elementor-widget elementor-widget-heading\" data-id=\"2e3749d\" data-element_type=\"widget\" data-widget_type=\"heading.default\">\n\t\t\t\t<div class=\"elementor-widget-container\">\n\t\t\t\t\t<h3 class=\"elementor-heading-title elementor-size-default\">Advanced technology, inspired by nature<\/h3>\t\t\t\t<\/div>\n\t\t\t\t<\/div>\n\t\t\t\t<div class=\"elementor-element elementor-element-cdafbbc elementor-widget__width-initial elementor-widget-mobile__width-inherit elementor-widget elementor-widget-text-editor\" data-id=\"cdafbbc\" data-element_type=\"widget\" data-widget_type=\"text-editor.default\">\n\t\t\t\t<div class=\"elementor-widget-container\">\n\t\t\t\t\t\t\t\t\t<p>Our filters use gravity filtration, a simple and effective process that requires neither electricity nor pressure.<\/p><p>Thanks to high-performance filter elements, they remove up to 99.99% of impurities, while retaining essential minerals for your health.<\/p>\t\t\t\t\t\t\t\t<\/div>\n\t\t\t\t<\/div>\n\t\t\t\t<\/div>\n\t\t\t\t\t<\/div>\n\t\t\t\t<\/div>\n\t\t<div class=\"elementor-element elementor-element-cb0b7c6 e-flex e-con-boxed e-con e-parent\" data-id=\"cb0b7c6\" data-element_type=\"container\">\n\t\t\t\t\t<div class=\"e-con-inner\">\n\t\t<div class=\"elementor-element elementor-element-4f94502 e-con-full e-flex elementor-invisible e-con e-child\" data-id=\"4f94502\" data-element_type=\"container\" data-settings=\"{&quot;animation&quot;:&quot;rotateInUpLeft&quot;}\">\n\t\t\t\t<div class=\"elementor-element elementor-element-dfb0472 elementor-widget-mobile__width-inherit elementor-widget elementor-widget-heading\" data-id=\"dfb0472\" data-element_type=\"widget\" data-widget_type=\"heading.default\">\n\t\t\t\t<div class=\"elementor-widget-container\">\n\t\t\t\t\t<h4 class=\"elementor-heading-title elementor-size-default\">Join the movement for healthier, more environmentally friendly water. Discover our solutions and choose quality and sustainability!<\/h4>\t\t\t\t<\/div>\n\t\t\t\t<\/div>\n\t\t\t\t<div class=\"elementor-element elementor-element-3ae2621 elementor-align-center elementor-widget-mobile__width-inherit elementor-widget elementor-widget-button\" data-id=\"3ae2621\" data-element_type=\"widget\" data-widget_type=\"button.default\">\n\t\t\t\t<div class=\"elementor-widget-container\">\n\t\t\t\t\t\t\t\t\t<div class=\"elementor-button-wrapper\">\n\t\t\t\t\t<a class=\"elementor-button elementor-button-link elementor-size-sm\" href=\"https:\/\/sainagua-filters.com\/en\/boutique\/\">\n\t\t\t\t\t\t<span class=\"elementor-button-content-wrapper\">\n\t\t\t\t\t\t\t\t\t<span class=\"elementor-button-text\">Discover our filters<\/span>\n\t\t\t\t\t<\/span>\n\t\t\t\t\t<\/a>\n\t\t\t\t<\/div>\n\t\t\t\t\t\t\t\t<\/div>\n\t\t\t\t<\/div>\n\t\t\t\t<\/div>\n\t\t\t\t\t<\/div>\n\t\t\t\t<\/div>\n\t\t\t\t<\/div>","protected":false},"excerpt":{"rendered":"<p>Sainagua \u2013 L\u2019eau pure, naturellement Notre mission : offrir des solutions de filtration d\u2019eau d\u2019une qualit\u00e9 exceptionnelle, garantissant une eau pure, saine et respectueuse de l\u2019environnement. Notre histoire Tout a commenc\u00e9 avec une id\u00e9e simple : permettre \u00e0 chacun d\u2019avoir acc\u00e8s \u00e0 une eau pure et de qualit\u00e9, tout en r\u00e9duisant l\u2019impact \u00e9cologique des bouteilles [&hellip;]<\/p>","protected":false},"author":1,"featured_media":0,"parent":0,"menu_order":0,"comment_status":"closed","ping_status":"closed","template":"","meta":{"footnotes":""},"class_list":["post-407","page","type-page","status-publish","hentry"],"_links":{"self":[{"href":"https:\/\/sainagua-filters.com\/en\/wp-json\/wp\/v2\/pages\/407","targetHints":{"allow":["GET"]}}],"collection":[{"href":"https:\/\/sainagua-filters.com\/en\/wp-json\/wp\/v2\/pages"}],"about":[{"href":"https:\/\/sainagua-filters.com\/en\/wp-json\/wp\/v2\/types\/page"}],"author":[{"embeddable":true,"href":"https:\/\/sainagua-filters.com\/en\/wp-json\/wp\/v2\/users\/1"}],"replies":[{"embeddable":true,"href":"https:\/\/sainagua-filters.com\/en\/wp-json\/wp\/v2\/comments?post=407"}],"version-history":[{"count":26,"href":"https:\/\/sainagua-filters.com\/en\/wp-json\/wp\/v2\/pages\/407\/revisions"}],"predecessor-version":[{"id":519,"href":"https:\/\/sainagua-filters.com\/en\/wp-json\/wp\/v2\/pages\/407\/revisions\/519"}],"wp:attachment":[{"href":"https:\/\/sainagua-filters.com\/en\/wp-json\/wp\/v2\/media?parent=407"}],"curies":[{"name":"wp","href":"https:\/\/api.w.org\/{rel}","templated":true}]}}